{"id":1439,"date":"2020-09-19T18:18:50","date_gmt":"2020-09-19T18:18:50","guid":{"rendered":"https:\/\/escobar.store\/?page_id=1439"},"modified":"2020-09-28T13:11:28","modified_gmt":"2020-09-28T13:11:28","slug":"reklamacje","status":"publish","type":"page","link":"https:\/\/escobarstore.ru\/?page_id=1439&lang=pl","title":{"rendered":"Reklamacje"},"content":{"rendered":"<section class=\"wpb-content-wrapper\"><p>[vc_row full_width=&#8221;stretch_row&#8221; css=&#8221;.vc_custom_1592830750579{margin-bottom: 4rem !important;}&#8221;][vc_column el_class=&#8221;wpisset-wpb-column-grunge-border&#8221; css=&#8221;.vc_custom_1592832613986{padding-top: 4rem !important;padding-bottom: 2rem !important;background-color: #ecf0f2 !important;}&#8221;]<div class=\"wpisset_es_header wpisset_es_header-180388080 vc_custom_1601297872100 wpisset-es-header-center\" ><div class=\"wpisset-es-header\"><h2 class=\"wpisset-es-header-title\">Warunki z\u0142o\u017cenia reklamacji<\/h2><\/div><\/div><svg class=\"wpssiet-es-cs\"><style>.wpisset_es_header-180388080 .wpisset-es-header:before{background:rgba(0,0,0,0.1);}.wpisset_es_header-180388080 .wpisset-es-header:after{background:rgba(0,0,0,0.1);}.wpisset_es_header-180388080 .wpisset-es-header-title:before{background:rgba(0,0,0,0.1);}<\/style><\/svg>[vc_row_inner][vc_column_inner width=&#8221;1\/12&#8243;][\/vc_column_inner][vc_column_inner width=&#8221;3\/12&#8243;][\/vc_column_inner][vc_column_inner width=&#8221;7\/12&#8243;][vc_column_text el_class=&#8221;p-has-drop-cap wpb-p-margin-top-0&#8243;]Sk\u0142adaj\u0105c zam\u00f3wienie akceptujesz regulamin oraz warunki reklamacji. Prosimy o zapoznanie si\u0119 przed z\u0142o\u017ceniem zam\u00f3wienia.[\/vc_column_text][\/vc_column_inner][vc_column_inner width=&#8221;1\/12&#8243;][\/vc_column_inner][\/vc_row_inner][vc_row_inner][vc_column_inner width=&#8221;1\/12&#8243;][\/vc_column_inner][vc_column_inner width=&#8221;3\/12&#8243;][vc_custom_heading text=&#8221;Jak z\u0142o\u017cy\u0107 reklamacj\u0119 poprawnie?&#8221; font_container=&#8221;tag:h3|font_size:24|text_align:left&#8221; use_theme_fonts=&#8221;yes&#8221;][\/vc_column_inner][vc_column_inner width=&#8221;7\/12&#8243;][vc_column_text css=&#8221;.vc_custom_1601298275500{margin-top: 0px !important;}&#8221; el_class=&#8221;wpb-p-margin-top-0&#8243;]Napisz do nas e-mail z tytu\u0142em REKLAMACJA, zaszyfruj swoj\u0105 wiadomo\u015b\u0107 w privnote.com,\u00a0 nie za\u0142\u0105czaj \u017cadnych za\u0142\u0105cznik\u00f3w dop\u00f3ki nie b\u0119dziesz o to poproszony. Opisz co Ci si\u0119 nie podoba i czekaj na odpowied\u017a. Masz na to 24h od otrzymania przesy\u0142ki.[\/vc_column_text][\/vc_column_inner][vc_column_inner width=&#8221;1\/12&#8243;][\/vc_column_inner][\/vc_row_inner][vc_row_inner][vc_column_inner width=&#8221;1\/12&#8243;][\/vc_column_inner][vc_column_inner width=&#8221;3\/12&#8243;][vc_custom_heading text=&#8221;Czy mog\u0119 zwr\u00f3ci\u0107 przesy\u0142k\u0119?&#8221; font_container=&#8221;tag:h3|font_size:24|text_align:left&#8221; use_theme_fonts=&#8221;yes&#8221;][\/vc_column_inner][vc_column_inner width=&#8221;7\/12&#8243;][vc_column_text el_class=&#8221;wpb-p-margin-top-0&#8243;]Niestety nie przyjmujemy zwrot\u00f3w.[\/vc_column_text][\/vc_column_inner][vc_column_inner width=&#8221;1\/12&#8243;][\/vc_column_inner][\/vc_row_inner][\/vc_column][\/vc_row]<\/p>\n<\/section>","protected":false},"excerpt":{"rendered":"<p>[vc_row full_width=&#8221;stretch_row&#8221; css=&#8221;.vc_custom_1592830750579{margin-bottom: 4rem !important;}&#8221;][vc_column el_class=&#8221;wpisset-wpb-column-grunge-border&#8221; css=&#8221;.vc_custom_1592832613986{padding-top: 4rem !important;padding-bottom: 2rem !important;background-color: #ecf0f2 !important;}&#8221;][vc_row_inner][vc_column_inner width=&#8221;1\/12&#8243;][\/vc_column_inner][vc_column_inner width=&#8221;3\/12&#8243;][\/vc_column_inner][vc_column_inner width=&#8221;7\/12&#8243;][vc_column_text el_class=&#8221;p-has-drop-cap wpb-p-margin-top-0&#8243;]Sk\u0142adaj\u0105c zam\u00f3wienie akceptujesz regulamin oraz warunki reklamacji. Prosimy o zapoznanie si\u0119 przed z\u0142o\u017ceniem zam\u00f3wienia.[\/vc_column_text][\/vc_column_inner][vc_column_inner width=&#8221;1\/12&#8243;][\/vc_column_inner][\/vc_row_inner][vc_row_inner][vc_column_inner width=&#8221;1\/12&#8243;][\/vc_column_inner][vc_column_inner width=&#8221;3\/12&#8243;][vc_custom_heading text=&#8221;Jak z\u0142o\u017cy\u0107 reklamacj\u0119 poprawnie?&#8221; font_container=&#8221;tag:h3|font_size:24|text_align:left&#8221; use_theme_fonts=&#8221;yes&#8221;][\/vc_column_inner][vc_column_inner width=&#8221;7\/12&#8243;][vc_column_text css=&#8221;.vc_custom_1601298275500{margin-top: 0px !important;}&#8221; el_class=&#8221;wpb-p-margin-top-0&#8243;]Napisz do nas e-mail z tytu\u0142em REKLAMACJA, zaszyfruj swoj\u0105 wiadomo\u015b\u0107 w [&hellip;]<\/p>\n","protected":false},"author":2,"featured_media":0,"parent":0,"menu_order":0,"comment_status":"closed","ping_status":"closed","template":"","meta":{"footnotes":""},"class_list":["post-1439","page","type-page","status-publish","hentry","wpisset-post"],"yoast_head":"<!-- This site is optimized with the Yoast SEO plugin v25.1 - https:\/\/yoast.com\/wordpress\/plugins\/seo\/ -->\n<title>Reklamacje - Escobar Store<\/title>\n<meta name=\"robots\" content=\"index, follow, max-snippet:-1, max-image-preview:large, max-video-preview:-1\" \/>\n<link rel=\"canonical\" href=\"https:\/\/escobarstore.ru\/?page_id=1439&lang=pl\" \/>\n<meta property=\"og:locale\" content=\"en_US\" \/>\n<meta property=\"og:type\" content=\"article\" \/>\n<meta property=\"og:title\" content=\"Reklamacje - Escobar Store\" \/>\n<meta property=\"og:description\" content=\"[vc_row full_width=&#8221;stretch_row&#8221; css=&#8221;.vc_custom_1592830750579{margin-bottom: 4rem !important;}&#8221;][vc_column el_class=&#8221;wpisset-wpb-column-grunge-border&#8221; css=&#8221;.vc_custom_1592832613986{padding-top: 4rem !important;padding-bottom: 2rem !important;background-color: #ecf0f2 !important;}&#8221;][vc_row_inner][vc_column_inner width=&#8221;1\/12&#8243;][\/vc_column_inner][vc_column_inner width=&#8221;3\/12&#8243;][\/vc_column_inner][vc_column_inner width=&#8221;7\/12&#8243;][vc_column_text el_class=&#8221;p-has-drop-cap wpb-p-margin-top-0&#8243;]Sk\u0142adaj\u0105c zam\u00f3wienie akceptujesz regulamin oraz warunki reklamacji. Prosimy o zapoznanie si\u0119 przed z\u0142o\u017ceniem zam\u00f3wienia.[\/vc_column_text][\/vc_column_inner][vc_column_inner width=&#8221;1\/12&#8243;][\/vc_column_inner][\/vc_row_inner][vc_row_inner][vc_column_inner width=&#8221;1\/12&#8243;][\/vc_column_inner][vc_column_inner width=&#8221;3\/12&#8243;][vc_custom_heading text=&#8221;Jak z\u0142o\u017cy\u0107 reklamacj\u0119 poprawnie?&#8221; font_container=&#8221;tag:h3|font_size:24|text_align:left&#8221; use_theme_fonts=&#8221;yes&#8221;][\/vc_column_inner][vc_column_inner width=&#8221;7\/12&#8243;][vc_column_text css=&#8221;.vc_custom_1601298275500{margin-top: 0px !important;}&#8221; el_class=&#8221;wpb-p-margin-top-0&#8243;]Napisz do nas e-mail z tytu\u0142em REKLAMACJA, zaszyfruj swoj\u0105 wiadomo\u015b\u0107 w [&hellip;]\" \/>\n<meta property=\"og:url\" content=\"https:\/\/escobarstore.ru\/?page_id=1439&amp;lang=pl\" \/>\n<meta property=\"og:site_name\" content=\"Escobar Store\" \/>\n<meta property=\"article:modified_time\" content=\"2020-09-28T13:11:28+00:00\" \/>\n<meta name=\"twitter:card\" content=\"summary_large_image\" \/>\n<meta name=\"twitter:label1\" content=\"Est. reading time\" \/>\n\t<meta name=\"twitter:data1\" content=\"2 minutes\" \/>\n<script type=\"application\/ld+json\" class=\"yoast-schema-graph\">{\"@context\":\"https:\/\/schema.org\",\"@graph\":[{\"@type\":\"WebPage\",\"@id\":\"https:\/\/escobarstore.ru\/?page_id=1439&lang=pl\",\"url\":\"https:\/\/escobarstore.ru\/?page_id=1439&lang=pl\",\"name\":\"Reklamacje - Escobar Store\",\"isPartOf\":{\"@id\":\"https:\/\/escobarstore.ru\/#website\"},\"datePublished\":\"2020-09-19T18:18:50+00:00\",\"dateModified\":\"2020-09-28T13:11:28+00:00\",\"breadcrumb\":{\"@id\":\"https:\/\/escobarstore.ru\/?page_id=1439&lang=pl#breadcrumb\"},\"inLanguage\":\"en-US\",\"potentialAction\":[{\"@type\":\"ReadAction\",\"target\":[\"https:\/\/escobarstore.ru\/?page_id=1439&lang=pl\"]}]},{\"@type\":\"BreadcrumbList\",\"@id\":\"https:\/\/escobarstore.ru\/?page_id=1439&lang=pl#breadcrumb\",\"itemListElement\":[{\"@type\":\"ListItem\",\"position\":1,\"name\":\"Home\",\"item\":\"https:\/\/escobarstore.ru\/\"},{\"@type\":\"ListItem\",\"position\":2,\"name\":\"Reklamacje\"}]},{\"@type\":\"WebSite\",\"@id\":\"https:\/\/escobarstore.ru\/#website\",\"url\":\"https:\/\/escobarstore.ru\/\",\"name\":\"Escobar Store\",\"description\":\"Research Chemicals Supplier\",\"publisher\":{\"@id\":\"https:\/\/escobarstore.ru\/#organization\"},\"potentialAction\":[{\"@type\":\"SearchAction\",\"target\":{\"@type\":\"EntryPoint\",\"urlTemplate\":\"https:\/\/escobarstore.ru\/?s={search_term_string}\"},\"query-input\":{\"@type\":\"PropertyValueSpecification\",\"valueRequired\":true,\"valueName\":\"search_term_string\"}}],\"inLanguage\":\"en-US\"},{\"@type\":\"Organization\",\"@id\":\"https:\/\/escobarstore.ru\/#organization\",\"name\":\"Escobar Store\",\"url\":\"https:\/\/escobarstore.ru\/\",\"logo\":{\"@type\":\"ImageObject\",\"inLanguage\":\"en-US\",\"@id\":\"https:\/\/escobarstore.ru\/#\/schema\/logo\/image\/\",\"url\":\"https:\/\/escobarstore.ru\/wp-content\/uploads\/2020\/09\/cropped-logo1.png\",\"contentUrl\":\"https:\/\/escobarstore.ru\/wp-content\/uploads\/2020\/09\/cropped-logo1.png\",\"width\":688,\"height\":287,\"caption\":\"Escobar Store\"},\"image\":{\"@id\":\"https:\/\/escobarstore.ru\/#\/schema\/logo\/image\/\"}}]}<\/script>\n<!-- \/ Yoast SEO plugin. -->","yoast_head_json":{"title":"Reklamacje - Escobar Store","robots":{"index":"index","follow":"follow","max-snippet":"max-snippet:-1","max-image-preview":"max-image-preview:large","max-video-preview":"max-video-preview:-1"},"canonical":"https:\/\/escobarstore.ru\/?page_id=1439&lang=pl","og_locale":"en_US","og_type":"article","og_title":"Reklamacje - Escobar Store","og_description":"[vc_row full_width=&#8221;stretch_row&#8221; css=&#8221;.vc_custom_1592830750579{margin-bottom: 4rem !important;}&#8221;][vc_column el_class=&#8221;wpisset-wpb-column-grunge-border&#8221; css=&#8221;.vc_custom_1592832613986{padding-top: 4rem !important;padding-bottom: 2rem !important;background-color: #ecf0f2 !important;}&#8221;][vc_row_inner][vc_column_inner width=&#8221;1\/12&#8243;][\/vc_column_inner][vc_column_inner width=&#8221;3\/12&#8243;][\/vc_column_inner][vc_column_inner width=&#8221;7\/12&#8243;][vc_column_text el_class=&#8221;p-has-drop-cap wpb-p-margin-top-0&#8243;]Sk\u0142adaj\u0105c zam\u00f3wienie akceptujesz regulamin oraz warunki reklamacji. Prosimy o zapoznanie si\u0119 przed z\u0142o\u017ceniem zam\u00f3wienia.[\/vc_column_text][\/vc_column_inner][vc_column_inner width=&#8221;1\/12&#8243;][\/vc_column_inner][\/vc_row_inner][vc_row_inner][vc_column_inner width=&#8221;1\/12&#8243;][\/vc_column_inner][vc_column_inner width=&#8221;3\/12&#8243;][vc_custom_heading text=&#8221;Jak z\u0142o\u017cy\u0107 reklamacj\u0119 poprawnie?&#8221; font_container=&#8221;tag:h3|font_size:24|text_align:left&#8221; use_theme_fonts=&#8221;yes&#8221;][\/vc_column_inner][vc_column_inner width=&#8221;7\/12&#8243;][vc_column_text css=&#8221;.vc_custom_1601298275500{margin-top: 0px !important;}&#8221; el_class=&#8221;wpb-p-margin-top-0&#8243;]Napisz do nas e-mail z tytu\u0142em REKLAMACJA, zaszyfruj swoj\u0105 wiadomo\u015b\u0107 w [&hellip;]","og_url":"https:\/\/escobarstore.ru\/?page_id=1439&lang=pl","og_site_name":"Escobar Store","article_modified_time":"2020-09-28T13:11:28+00:00","twitter_card":"summary_large_image","twitter_misc":{"Est. reading time":"2 minutes"},"schema":{"@context":"https:\/\/schema.org","@graph":[{"@type":"WebPage","@id":"https:\/\/escobarstore.ru\/?page_id=1439&lang=pl","url":"https:\/\/escobarstore.ru\/?page_id=1439&lang=pl","name":"Reklamacje - Escobar Store","isPartOf":{"@id":"https:\/\/escobarstore.ru\/#website"},"datePublished":"2020-09-19T18:18:50+00:00","dateModified":"2020-09-28T13:11:28+00:00","breadcrumb":{"@id":"https:\/\/escobarstore.ru\/?page_id=1439&lang=pl#breadcrumb"},"inLanguage":"en-US","potentialAction":[{"@type":"ReadAction","target":["https:\/\/escobarstore.ru\/?page_id=1439&lang=pl"]}]},{"@type":"BreadcrumbList","@id":"https:\/\/escobarstore.ru\/?page_id=1439&lang=pl#breadcrumb","itemListElement":[{"@type":"ListItem","position":1,"name":"Home","item":"https:\/\/escobarstore.ru\/"},{"@type":"ListItem","position":2,"name":"Reklamacje"}]},{"@type":"WebSite","@id":"https:\/\/escobarstore.ru\/#website","url":"https:\/\/escobarstore.ru\/","name":"Escobar Store","description":"Research Chemicals Supplier","publisher":{"@id":"https:\/\/escobarstore.ru\/#organization"},"potentialAction":[{"@type":"SearchAction","target":{"@type":"EntryPoint","urlTemplate":"https:\/\/escobarstore.ru\/?s={search_term_string}"},"query-input":{"@type":"PropertyValueSpecification","valueRequired":true,"valueName":"search_term_string"}}],"inLanguage":"en-US"},{"@type":"Organization","@id":"https:\/\/escobarstore.ru\/#organization","name":"Escobar Store","url":"https:\/\/escobarstore.ru\/","logo":{"@type":"ImageObject","inLanguage":"en-US","@id":"https:\/\/escobarstore.ru\/#\/schema\/logo\/image\/","url":"https:\/\/escobarstore.ru\/wp-content\/uploads\/2020\/09\/cropped-logo1.png","contentUrl":"https:\/\/escobarstore.ru\/wp-content\/uploads\/2020\/09\/cropped-logo1.png","width":688,"height":287,"caption":"Escobar Store"},"image":{"@id":"https:\/\/escobarstore.ru\/#\/schema\/logo\/image\/"}}]}},"_links":{"self":[{"href":"https:\/\/escobarstore.ru\/index.php?rest_route=\/wp\/v2\/pages\/1439","targetHints":{"allow":["GET"]}}],"collection":[{"href":"https:\/\/escobarstore.ru\/index.php?rest_route=\/wp\/v2\/pages"}],"about":[{"href":"https:\/\/escobarstore.ru\/index.php?rest_route=\/wp\/v2\/types\/page"}],"author":[{"embeddable":true,"href":"https:\/\/escobarstore.ru\/index.php?rest_route=\/wp\/v2\/users\/2"}],"replies":[{"embeddable":true,"href":"https:\/\/escobarstore.ru\/index.php?rest_route=%2Fwp%2Fv2%2Fcomments&post=1439"}],"version-history":[{"count":7,"href":"https:\/\/escobarstore.ru\/index.php?rest_route=\/wp\/v2\/pages\/1439\/revisions"}],"predecessor-version":[{"id":1585,"href":"https:\/\/escobarstore.ru\/index.php?rest_route=\/wp\/v2\/pages\/1439\/revisions\/1585"}],"wp:attachment":[{"href":"https:\/\/escobarstore.ru\/index.php?rest_route=%2Fwp%2Fv2%2Fmedia&parent=1439"}],"curies":[{"name":"wp","href":"https:\/\/api.w.org\/{rel}","templated":true}]}}