{"id":1880,"date":"2022-08-28T07:12:17","date_gmt":"2022-08-28T07:12:17","guid":{"rendered":"https:\/\/escobar.store\/?post_type=product&#038;p=1880"},"modified":"2025-03-01T08:57:09","modified_gmt":"2025-03-01T08:57:09","slug":"nep","status":"publish","type":"product","link":"https:\/\/escobarstore.ru\/?product=nep&lang=pl","title":{"rendered":"Nep"},"content":{"rendered":"","protected":false},"excerpt":{"rendered":"<p>Najlepszy Nep na rynku, \u015bwietna jako\u015b\u0107. Polecamy!!<\/p>\n","protected":false},"featured_media":2187,"template":"","meta":[],"product_brand":[],"product_cat":[162],"product_tag":[322,440,370],"class_list":{"0":"post-1880","1":"product","2":"type-product","3":"status-publish","4":"has-post-thumbnail","6":"product_cat-krysztaly","7":"product_tag-best-quality-pl","8":"product_tag-crystals-pl","9":"product_tag-nep-pl","10":"wpisset-post","12":"first","13":"instock","14":"shipping-taxable","15":"product-type-simple"},"yoast_head":"<!-- This site is optimized with the Yoast SEO plugin v25.1 - https:\/\/yoast.com\/wordpress\/plugins\/seo\/ -->\n<title>Nep - Escobar Store<\/title>\n<meta name=\"description\" content=\"Nep kryszta\u0142\" \/>\n<meta name=\"robots\" content=\"index, follow, max-snippet:-1, max-image-preview:large, max-video-preview:-1\" \/>\n<link rel=\"canonical\" href=\"https:\/\/escobarstore.ru\/?product=nep&lang=pl\" \/>\n<meta property=\"og:locale\" content=\"en_US\" \/>\n<meta property=\"og:type\" content=\"article\" \/>\n<meta property=\"og:title\" content=\"Nep - Escobar Store\" \/>\n<meta property=\"og:description\" content=\"Nep kryszta\u0142\" \/>\n<meta property=\"og:url\" content=\"https:\/\/escobarstore.ru\/?product=nep&amp;lang=pl\" \/>\n<meta property=\"og:site_name\" content=\"Escobar Store\" \/>\n<meta property=\"article:modified_time\" content=\"2025-03-01T08:57:09+00:00\" \/>\n<meta property=\"og:image\" content=\"https:\/\/escobarstore.ru\/wp-content\/uploads\/2022\/08\/Nep-2.jpg\" \/>\n\t<meta property=\"og:image:width\" content=\"1447\" \/>\n\t<meta property=\"og:image:height\" content=\"1086\" \/>\n\t<meta property=\"og:image:type\" content=\"image\/jpeg\" \/>\n<meta name=\"twitter:card\" content=\"summary_large_image\" \/>\n<meta name=\"twitter:label1\" content=\"Est. reading time\" \/>\n\t<meta name=\"twitter:data1\" content=\"1 minute\" \/>\n<script type=\"application\/ld+json\" class=\"yoast-schema-graph\">{\"@context\":\"https:\/\/schema.org\",\"@graph\":[{\"@type\":\"WebPage\",\"@id\":\"https:\/\/escobarstore.ru\/?product=nep&lang=pl\",\"url\":\"https:\/\/escobarstore.ru\/?product=nep&lang=pl\",\"name\":\"Nep - Escobar Store\",\"isPartOf\":{\"@id\":\"https:\/\/escobarstore.ru\/#website\"},\"primaryImageOfPage\":{\"@id\":\"https:\/\/escobarstore.ru\/?product=nep&lang=pl#primaryimage\"},\"image\":{\"@id\":\"https:\/\/escobarstore.ru\/?product=nep&lang=pl#primaryimage\"},\"thumbnailUrl\":\"https:\/\/escobarstore.ru\/wp-content\/uploads\/2022\/08\/Nep-2.jpg\",\"datePublished\":\"2022-08-28T07:12:17+00:00\",\"dateModified\":\"2025-03-01T08:57:09+00:00\",\"description\":\"Nep kryszta\u0142\",\"breadcrumb\":{\"@id\":\"https:\/\/escobarstore.ru\/?product=nep&lang=pl#breadcrumb\"},\"inLanguage\":\"en-US\",\"potentialAction\":[{\"@type\":\"ReadAction\",\"target\":[\"https:\/\/escobarstore.ru\/?product=nep&lang=pl\"]}]},{\"@type\":\"ImageObject\",\"inLanguage\":\"en-US\",\"@id\":\"https:\/\/escobarstore.ru\/?product=nep&lang=pl#primaryimage\",\"url\":\"https:\/\/escobarstore.ru\/wp-content\/uploads\/2022\/08\/Nep-2.jpg\",\"contentUrl\":\"https:\/\/escobarstore.ru\/wp-content\/uploads\/2022\/08\/Nep-2.jpg\",\"width\":1447,\"height\":1086,\"caption\":\"Nep\"},{\"@type\":\"BreadcrumbList\",\"@id\":\"https:\/\/escobarstore.ru\/?product=nep&lang=pl#breadcrumb\",\"itemListElement\":[{\"@type\":\"ListItem\",\"position\":1,\"name\":\"Home\",\"item\":\"https:\/\/escobarstore.ru\/\"},{\"@type\":\"ListItem\",\"position\":2,\"name\":\"Shop\",\"item\":\"https:\/\/escobarstore.ru\/\"},{\"@type\":\"ListItem\",\"position\":3,\"name\":\"Nep\"}]},{\"@type\":\"WebSite\",\"@id\":\"https:\/\/escobarstore.ru\/#website\",\"url\":\"https:\/\/escobarstore.ru\/\",\"name\":\"Escobar Store\",\"description\":\"Research Chemicals Supplier\",\"publisher\":{\"@id\":\"https:\/\/escobarstore.ru\/#organization\"},\"potentialAction\":[{\"@type\":\"SearchAction\",\"target\":{\"@type\":\"EntryPoint\",\"urlTemplate\":\"https:\/\/escobarstore.ru\/?s={search_term_string}\"},\"query-input\":{\"@type\":\"PropertyValueSpecification\",\"valueRequired\":true,\"valueName\":\"search_term_string\"}}],\"inLanguage\":\"en-US\"},{\"@type\":\"Organization\",\"@id\":\"https:\/\/escobarstore.ru\/#organization\",\"name\":\"Escobar Store\",\"url\":\"https:\/\/escobarstore.ru\/\",\"logo\":{\"@type\":\"ImageObject\",\"inLanguage\":\"en-US\",\"@id\":\"https:\/\/escobarstore.ru\/#\/schema\/logo\/image\/\",\"url\":\"https:\/\/escobarstore.ru\/wp-content\/uploads\/2020\/09\/cropped-logo1.png\",\"contentUrl\":\"https:\/\/escobarstore.ru\/wp-content\/uploads\/2020\/09\/cropped-logo1.png\",\"width\":688,\"height\":287,\"caption\":\"Escobar Store\"},\"image\":{\"@id\":\"https:\/\/escobarstore.ru\/#\/schema\/logo\/image\/\"}}]}<\/script>\n<!-- \/ Yoast SEO plugin. -->","yoast_head_json":{"title":"Nep - Escobar Store","description":"Nep kryszta\u0142","robots":{"index":"index","follow":"follow","max-snippet":"max-snippet:-1","max-image-preview":"max-image-preview:large","max-video-preview":"max-video-preview:-1"},"canonical":"https:\/\/escobarstore.ru\/?product=nep&lang=pl","og_locale":"en_US","og_type":"article","og_title":"Nep - Escobar Store","og_description":"Nep kryszta\u0142","og_url":"https:\/\/escobarstore.ru\/?product=nep&lang=pl","og_site_name":"Escobar Store","article_modified_time":"2025-03-01T08:57:09+00:00","og_image":[{"width":1447,"height":1086,"url":"https:\/\/escobarstore.ru\/wp-content\/uploads\/2022\/08\/Nep-2.jpg","type":"image\/jpeg"}],"twitter_card":"summary_large_image","twitter_misc":{"Est. reading time":"1 minute"},"schema":{"@context":"https:\/\/schema.org","@graph":[{"@type":"WebPage","@id":"https:\/\/escobarstore.ru\/?product=nep&lang=pl","url":"https:\/\/escobarstore.ru\/?product=nep&lang=pl","name":"Nep - Escobar Store","isPartOf":{"@id":"https:\/\/escobarstore.ru\/#website"},"primaryImageOfPage":{"@id":"https:\/\/escobarstore.ru\/?product=nep&lang=pl#primaryimage"},"image":{"@id":"https:\/\/escobarstore.ru\/?product=nep&lang=pl#primaryimage"},"thumbnailUrl":"https:\/\/escobarstore.ru\/wp-content\/uploads\/2022\/08\/Nep-2.jpg","datePublished":"2022-08-28T07:12:17+00:00","dateModified":"2025-03-01T08:57:09+00:00","description":"Nep kryszta\u0142","breadcrumb":{"@id":"https:\/\/escobarstore.ru\/?product=nep&lang=pl#breadcrumb"},"inLanguage":"en-US","potentialAction":[{"@type":"ReadAction","target":["https:\/\/escobarstore.ru\/?product=nep&lang=pl"]}]},{"@type":"ImageObject","inLanguage":"en-US","@id":"https:\/\/escobarstore.ru\/?product=nep&lang=pl#primaryimage","url":"https:\/\/escobarstore.ru\/wp-content\/uploads\/2022\/08\/Nep-2.jpg","contentUrl":"https:\/\/escobarstore.ru\/wp-content\/uploads\/2022\/08\/Nep-2.jpg","width":1447,"height":1086,"caption":"Nep"},{"@type":"BreadcrumbList","@id":"https:\/\/escobarstore.ru\/?product=nep&lang=pl#breadcrumb","itemListElement":[{"@type":"ListItem","position":1,"name":"Home","item":"https:\/\/escobarstore.ru\/"},{"@type":"ListItem","position":2,"name":"Shop","item":"https:\/\/escobarstore.ru\/"},{"@type":"ListItem","position":3,"name":"Nep"}]},{"@type":"WebSite","@id":"https:\/\/escobarstore.ru\/#website","url":"https:\/\/escobarstore.ru\/","name":"Escobar Store","description":"Research Chemicals Supplier","publisher":{"@id":"https:\/\/escobarstore.ru\/#organization"},"potentialAction":[{"@type":"SearchAction","target":{"@type":"EntryPoint","urlTemplate":"https:\/\/escobarstore.ru\/?s={search_term_string}"},"query-input":{"@type":"PropertyValueSpecification","valueRequired":true,"valueName":"search_term_string"}}],"inLanguage":"en-US"},{"@type":"Organization","@id":"https:\/\/escobarstore.ru\/#organization","name":"Escobar Store","url":"https:\/\/escobarstore.ru\/","logo":{"@type":"ImageObject","inLanguage":"en-US","@id":"https:\/\/escobarstore.ru\/#\/schema\/logo\/image\/","url":"https:\/\/escobarstore.ru\/wp-content\/uploads\/2020\/09\/cropped-logo1.png","contentUrl":"https:\/\/escobarstore.ru\/wp-content\/uploads\/2020\/09\/cropped-logo1.png","width":688,"height":287,"caption":"Escobar Store"},"image":{"@id":"https:\/\/escobarstore.ru\/#\/schema\/logo\/image\/"}}]}},"_links":{"self":[{"href":"https:\/\/escobarstore.ru\/index.php?rest_route=\/wp\/v2\/product\/1880","targetHints":{"allow":["GET"]}}],"collection":[{"href":"https:\/\/escobarstore.ru\/index.php?rest_route=\/wp\/v2\/product"}],"about":[{"href":"https:\/\/escobarstore.ru\/index.php?rest_route=\/wp\/v2\/types\/product"}],"wp:featuredmedia":[{"embeddable":true,"href":"https:\/\/escobarstore.ru\/index.php?rest_route=\/wp\/v2\/media\/2187"}],"wp:attachment":[{"href":"https:\/\/escobarstore.ru\/index.php?rest_route=%2Fwp%2Fv2%2Fmedia&parent=1880"}],"wp:term":[{"taxonomy":"product_brand","embeddable":true,"href":"https:\/\/escobarstore.ru\/index.php?rest_route=%2Fwp%2Fv2%2Fproduct_brand&post=1880"},{"taxonomy":"product_cat","embeddable":true,"href":"https:\/\/escobarstore.ru\/index.php?rest_route=%2Fwp%2Fv2%2Fproduct_cat&post=1880"},{"taxonomy":"product_tag","embeddable":true,"href":"https:\/\/escobarstore.ru\/index.php?rest_route=%2Fwp%2Fv2%2Fproduct_tag&post=1880"}],"curies":[{"name":"wp","href":"https:\/\/api.w.org\/{rel}","templated":true}]}}